{"id":335,"date":"2019-03-16T20:31:11","date_gmt":"2019-03-16T20:31:11","guid":{"rendered":"http:\/\/37.205.12.103\/wordpress\/?page_id=335"},"modified":"2021-09-15T12:01:15","modified_gmt":"2021-09-15T12:01:15","slug":"sluzby","status":"publish","type":"page","link":"https:\/\/targettrace.cz\/index.php\/cs\/sluzby\/","title":{"rendered":"Slu\u017eby"},"content":{"rendered":"\n<p class=\"has-medium-font-size\"><strong>Target Trace<\/strong> nab\u00edz\u00ed tyto slu\u017eby<\/p>\n\n\n\n<hr class=\"wp-block-separator\"\/>\n\n\n\n<p class=\"has-medium-font-size\"><p class=\"has-medium-font-size\" style=\"margin-left: 40px;\">Aircraft <strong>Target Trace<\/strong><\/p><\/p>\n\n\n\n<div class=\"wp-block-image\"><figure class=\"aligncenter is-resized\"><a href=\".\/index.php\/aircraft-targettrace\/\"><img loading=\"lazy\" decoding=\"async\" src=\"http:\/\/targettrace.cz\/wordpress\/wp-content\/uploads\/2019\/03\/AircraftOwnerService_clipart.jpg\" alt=\"\" class=\"wp-image-799\" width=\"456\" height=\"193\" srcset=\"https:\/\/targettrace.cz\/wp-content\/uploads\/2019\/03\/AircraftOwnerService_clipart.jpg 608w, https:\/\/targettrace.cz\/wp-content\/uploads\/2019\/03\/AircraftOwnerService_clipart-300x127.jpg 300w\" sizes=\"auto, (max-width: 456px) 100vw, 456px\" \/><\/a><\/figure><\/div>\n\n\n\n<hr class=\"wp-block-separator\"\/>\n\n\n\n<p class=\"has-medium-font-size\"><p class=\"has-medium-font-size\" style=\"margin-left: 40px;\">Aircraft Operator  <strong>Target Trace<\/strong><\/p><\/p>\n\n\n\n<div class=\"wp-block-image\"><figure class=\"aligncenter is-resized\"><a href=\".\/index.php\/aircraft-operator-targettrace\/\"><img loading=\"lazy\" decoding=\"async\" src=\"http:\/\/targettrace.cz\/wordpress\/wp-content\/uploads\/2019\/03\/AircraftOperatorService_clipart-1024x314.jpg\" alt=\"\" class=\"wp-image-800\" width=\"768\" height=\"236\" srcset=\"https:\/\/targettrace.cz\/wp-content\/uploads\/2019\/03\/AircraftOperatorService_clipart-1024x314.jpg 1024w, https:\/\/targettrace.cz\/wp-content\/uploads\/2019\/03\/AircraftOperatorService_clipart-300x92.jpg 300w, https:\/\/targettrace.cz\/wp-content\/uploads\/2019\/03\/AircraftOperatorService_clipart-768x236.jpg 768w, https:\/\/targettrace.cz\/wp-content\/uploads\/2019\/03\/AircraftOperatorService_clipart.jpg 1309w\" sizes=\"auto, (max-width: 768px) 100vw, 768px\" \/><\/a><\/figure><\/div>\n","protected":false},"excerpt":{"rendered":"<p>Target Trace nab\u00edz\u00ed tyto slu\u017eby Aircraft Target Trace Aircraft Operator Target Trace<\/p>\n","protected":false},"author":1,"featured_media":0,"parent":0,"menu_order":0,"comment_status":"closed","ping_status":"closed","template":"","meta":{"footnotes":""},"class_list":["post-335","page","type-page","status-publish","hentry"],"_links":{"self":[{"href":"https:\/\/targettrace.cz\/index.php\/wp-json\/wp\/v2\/pages\/335","targetHints":{"allow":["GET"]}}],"collection":[{"href":"https:\/\/targettrace.cz\/index.php\/wp-json\/wp\/v2\/pages"}],"about":[{"href":"https:\/\/targettrace.cz\/index.php\/wp-json\/wp\/v2\/types\/page"}],"author":[{"embeddable":true,"href":"https:\/\/targettrace.cz\/index.php\/wp-json\/wp\/v2\/users\/1"}],"replies":[{"embeddable":true,"href":"https:\/\/targettrace.cz\/index.php\/wp-json\/wp\/v2\/comments?post=335"}],"version-history":[{"count":43,"href":"https:\/\/targettrace.cz\/index.php\/wp-json\/wp\/v2\/pages\/335\/revisions"}],"predecessor-version":[{"id":1498,"href":"https:\/\/targettrace.cz\/index.php\/wp-json\/wp\/v2\/pages\/335\/revisions\/1498"}],"wp:attachment":[{"href":"https:\/\/targettrace.cz\/index.php\/wp-json\/wp\/v2\/media?parent=335"}],"curies":[{"name":"wp","href":"https:\/\/api.w.org\/{rel}","templated":true}]}}