{"id":1439,"date":"2021-08-24T18:11:38","date_gmt":"2021-08-24T18:11:38","guid":{"rendered":"https:\/\/targettrace.cz\/?page_id=1439"},"modified":"2021-08-24T18:11:39","modified_gmt":"2021-08-24T18:11:39","slug":"airport-target-trace","status":"publish","type":"page","link":"https:\/\/targettrace.cz\/index.php\/cs\/airport-target-trace\/","title":{"rendered":"Airport Target Trace"},"content":{"rendered":"\n<p>Provozujete nebo vlastn\u00edte leti\u0161t\u011b a chcete m\u00edt p\u0159ehled o letadlech ve sv\u00e9 provozn\u00ed z\u00f3n\u011b? Airport <strong>Target Trace<\/strong> je \u0159e\u0161en\u00edm pr\u00e1v\u011b pro V\u00e1s. V\u0161ichni u\u017eivatel\u00e9 zapojen\u00ed do syst\u00e9mu <strong>Target Trace<\/strong> jsou automaticky zobrazen\u00ed na online p\u0159ehledov\u00e9 map\u011b a v p\u0159\u00edpad\u011b vstupu do Va\u0161eho prostoru uvid\u00edte symbol letadla v\u010detn\u011b informace o rychlosti, sm\u011bru a nadmo\u0159sk\u00e9 v\u00fd\u0161ce. Vykreslen\u00ed tvar\u016f okruh\u016f je samoz\u0159ejmost\u00ed.<\/p>\n\n\n\n<h4 class=\"wp-block-heading\">Cen\u00edk<\/h4>\n\n\n\n<figure class=\"wp-block-table\"><table><tbody><tr><td>Airport <strong>Target Trace<\/strong>\/m\u011bs\u00edc<\/td><td>na dotaz<\/td><\/tr><\/tbody><\/table><\/figure>\n\n\n\n<p><\/p>\n","protected":false},"excerpt":{"rendered":"<p>Provozujete nebo vlastn\u00edte leti\u0161t\u011b a chcete m\u00edt p\u0159ehled o letadlech ve sv\u00e9 provozn\u00ed z\u00f3n\u011b? Airport Target Trace je \u0159e\u0161en\u00edm pr\u00e1v\u011b&hellip;<\/p>\n","protected":false},"author":1,"featured_media":0,"parent":0,"menu_order":0,"comment_status":"closed","ping_status":"closed","template":"","meta":{"footnotes":""},"class_list":["post-1439","page","type-page","status-publish","hentry"],"_links":{"self":[{"href":"https:\/\/targettrace.cz\/index.php\/wp-json\/wp\/v2\/pages\/1439","targetHints":{"allow":["GET"]}}],"collection":[{"href":"https:\/\/targettrace.cz\/index.php\/wp-json\/wp\/v2\/pages"}],"about":[{"href":"https:\/\/targettrace.cz\/index.php\/wp-json\/wp\/v2\/types\/page"}],"author":[{"embeddable":true,"href":"https:\/\/targettrace.cz\/index.php\/wp-json\/wp\/v2\/users\/1"}],"replies":[{"embeddable":true,"href":"https:\/\/targettrace.cz\/index.php\/wp-json\/wp\/v2\/comments?post=1439"}],"version-history":[{"count":1,"href":"https:\/\/targettrace.cz\/index.php\/wp-json\/wp\/v2\/pages\/1439\/revisions"}],"predecessor-version":[{"id":1440,"href":"https:\/\/targettrace.cz\/index.php\/wp-json\/wp\/v2\/pages\/1439\/revisions\/1440"}],"wp:attachment":[{"href":"https:\/\/targettrace.cz\/index.php\/wp-json\/wp\/v2\/media?parent=1439"}],"curies":[{"name":"wp","href":"https:\/\/api.w.org\/{rel}","templated":true}]}}