{"id":1434,"date":"2021-08-24T17:49:23","date_gmt":"2021-08-24T17:49:23","guid":{"rendered":"https:\/\/targettrace.cz\/?page_id=1434"},"modified":"2026-01-18T22:19:26","modified_gmt":"2026-01-18T22:19:26","slug":"aircraft-operator-target-trace","status":"publish","type":"page","link":"https:\/\/targettrace.cz\/index.php\/cs\/aircraft-operator-target-trace\/","title":{"rendered":"Aircraft Operator Target Trace"},"content":{"rendered":"<div class=\"wp-block-image\">\n<figure class=\"alignright is-resized\"><img loading=\"lazy\" decoding=\"async\" width=\"1024\" height=\"314\" src=\"http:\/\/targettrace.cz\/wordpress\/wp-content\/uploads\/2019\/03\/AircraftOperatorService_clipart-1024x314.jpg\" alt=\"\" class=\"wp-image-800\" style=\"width:256px;height:79px\" srcset=\"https:\/\/targettrace.cz\/wp-content\/uploads\/2019\/03\/AircraftOperatorService_clipart-1024x314.jpg 1024w, https:\/\/targettrace.cz\/wp-content\/uploads\/2019\/03\/AircraftOperatorService_clipart-300x92.jpg 300w, https:\/\/targettrace.cz\/wp-content\/uploads\/2019\/03\/AircraftOperatorService_clipart-768x236.jpg 768w, https:\/\/targettrace.cz\/wp-content\/uploads\/2019\/03\/AircraftOperatorService_clipart.jpg 1309w\" sizes=\"auto, (max-width: 1024px) 100vw, 1024px\" \/><\/figure><\/div>\n\n\n<p><strong>Target<\/strong> <strong>Trace <\/strong>je skv\u011bl\u00fdm \u0159e\u0161en\u00edm pro monitorov\u00e1n\u00ed kompletn\u00ed flotily Va\u0161ich letadel. V p\u0159\u00edpad\u011b leteck\u00e9 \u0161koly p\u0159isp\u011bje i ke zkvalitn\u011bn\u00ed v\u00fduky soukrom\u00fdch a profesion\u00e1ln\u00edch pilot\u016f. <\/p>\n\n\n\n<p>Posu\u0148te \u00farove\u0148 Va\u0161\u00ed leteck\u00e9 \u0161koly o n\u011bkolik \u00farovn\u00ed v\u00fd\u0161e d\u00edky mo\u017enosti online sledov\u00e1n\u00ed polohy Va\u0161ich student\u016f p\u0159i s\u00f3lov\u00fdch letech a n\u00e1sledn\u00e9m debriefingu nad z\u00e1znamem letu.<\/p>\n\n\n\n<figure class=\"wp-block-image\"><img loading=\"lazy\" decoding=\"async\" width=\"1024\" height=\"418\" src=\"https:\/\/targettrace.cz\/wp-content\/uploads\/2019\/08\/google_earth_flight-1024x418.png\" alt=\"\" class=\"wp-image-1062\" srcset=\"https:\/\/targettrace.cz\/wp-content\/uploads\/2019\/08\/google_earth_flight-1024x418.png 1024w, https:\/\/targettrace.cz\/wp-content\/uploads\/2019\/08\/google_earth_flight-300x123.png 300w, https:\/\/targettrace.cz\/wp-content\/uploads\/2019\/08\/google_earth_flight-768x314.png 768w, https:\/\/targettrace.cz\/wp-content\/uploads\/2019\/08\/google_earth_flight.png 1454w\" sizes=\"auto, (max-width: 1024px) 100vw, 1024px\" \/><\/figure>\n\n\n\n<hr class=\"wp-block-separator has-css-opacity\"\/>\n\n\n\n<h4 class=\"wp-block-heading\">Aircraft Operator Target Trace Management<\/h4>\n\n\n\n<p>Aircraft Operator <strong>Target Trace<\/strong> Management zahrnuje<\/p>\n\n\n\n<ul class=\"wp-block-list\">\n<li>spr\u00e1va neomezen\u00e9ho po\u010dtu u\u017eivatel\u016f, kte\u0159\u00ed mohou p\u0159istupovat do syst\u00e9mu v\u010detn\u011b \u00farovn\u011b opr\u00e1vn\u011bn\u00ed (instrukto\u0159i, piloti, dispe\u010de\u0159i, management spole\u010dnosti a dal\u0161\u00ed)<\/li>\n\n\n\n<li>spr\u00e1va polohov\u00fdch senzor\u016f<\/li>\n\n\n\n<li>online zobrazen\u00ed na briefingov\u00e9 m\u00edstnosti nebo dispatch<\/li>\n<\/ul>\n\n\n\n<div class=\"wp-block-media-text alignwide\" style=\"grid-template-columns:63% auto\"><figure class=\"wp-block-media-text__media\"><img loading=\"lazy\" decoding=\"async\" width=\"1024\" height=\"575\" src=\"https:\/\/targettrace.cz\/wp-content\/uploads\/2019\/08\/fleet_web-1024x575.jpg\" alt=\"\" class=\"wp-image-1051 size-full\" srcset=\"https:\/\/targettrace.cz\/wp-content\/uploads\/2019\/08\/fleet_web-1024x575.jpg 1024w, https:\/\/targettrace.cz\/wp-content\/uploads\/2019\/08\/fleet_web-300x168.jpg 300w, https:\/\/targettrace.cz\/wp-content\/uploads\/2019\/08\/fleet_web-768x431.jpg 768w, https:\/\/targettrace.cz\/wp-content\/uploads\/2019\/08\/fleet_web.jpg 1380w\" sizes=\"auto, (max-width: 1024px) 100vw, 1024px\" \/><\/figure><div class=\"wp-block-media-text__content\">\n<p class=\"has-large-font-size\"><em>M\u011bjte svou flotilu v\u017edy pod kontrolou &#8230;<\/em><\/p>\n<\/div><\/div>\n\n\n\n<h4 class=\"wp-block-heading\">Cen\u00edk<\/h4>\n\n\n\n<figure class=\"wp-block-table\"><table><tbody><tr><td>Startovac\u00ed bal\u00ed\u010dek (tracker, za\u0161kolen\u00ed do pou\u017e\u00edv\u00e1n\u00ed syst\u00e9mu, prvn\u00ed m\u011bs\u00edc slu\u017eby Aircraft&nbsp;<strong>Target Trace<\/strong>)<\/td><td>6.990,- K\u010d<\/td><\/tr><tr><td>Aircraft&nbsp;<strong>Target Trace<\/strong>\/tracker\/m\u011bs\u00edc<\/td><td>549,- K\u010d<\/td><\/tr><tr><td>Aircraft Operator <strong>Target Trace<\/strong> Management\/m\u011bs\u00edc<\/td><td>549,- K\u010d<\/td><\/tr><\/tbody><\/table><\/figure>\n","protected":false},"excerpt":{"rendered":"<p>Target Trace je skv\u011bl\u00fdm \u0159e\u0161en\u00edm pro monitorov\u00e1n\u00ed kompletn\u00ed flotily Va\u0161ich letadel. V p\u0159\u00edpad\u011b leteck\u00e9 \u0161koly p\u0159isp\u011bje i ke zkvalitn\u011bn\u00ed v\u00fduky&hellip;<\/p>\n","protected":false},"author":1,"featured_media":0,"parent":0,"menu_order":0,"comment_status":"closed","ping_status":"closed","template":"","meta":{"footnotes":""},"class_list":["post-1434","page","type-page","status-publish","hentry"],"_links":{"self":[{"href":"https:\/\/targettrace.cz\/index.php\/wp-json\/wp\/v2\/pages\/1434","targetHints":{"allow":["GET"]}}],"collection":[{"href":"https:\/\/targettrace.cz\/index.php\/wp-json\/wp\/v2\/pages"}],"about":[{"href":"https:\/\/targettrace.cz\/index.php\/wp-json\/wp\/v2\/types\/page"}],"author":[{"embeddable":true,"href":"https:\/\/targettrace.cz\/index.php\/wp-json\/wp\/v2\/users\/1"}],"replies":[{"embeddable":true,"href":"https:\/\/targettrace.cz\/index.php\/wp-json\/wp\/v2\/comments?post=1434"}],"version-history":[{"count":5,"href":"https:\/\/targettrace.cz\/index.php\/wp-json\/wp\/v2\/pages\/1434\/revisions"}],"predecessor-version":[{"id":1966,"href":"https:\/\/targettrace.cz\/index.php\/wp-json\/wp\/v2\/pages\/1434\/revisions\/1966"}],"wp:attachment":[{"href":"https:\/\/targettrace.cz\/index.php\/wp-json\/wp\/v2\/media?parent=1434"}],"curies":[{"name":"wp","href":"https:\/\/api.w.org\/{rel}","templated":true}]}}