{"id":1429,"date":"2021-08-24T17:36:28","date_gmt":"2021-08-24T17:36:28","guid":{"rendered":"https:\/\/targettrace.cz\/?page_id=1429"},"modified":"2026-01-18T22:16:40","modified_gmt":"2026-01-18T22:16:40","slug":"target-trace-pro-letadlo","status":"publish","type":"page","link":"https:\/\/targettrace.cz\/index.php\/cs\/target-trace-pro-letadlo\/","title":{"rendered":"Aircraft Target Trace"},"content":{"rendered":"<div class=\"wp-block-image\">\n<figure class=\"alignright is-resized\"><img loading=\"lazy\" decoding=\"async\" width=\"608\" height=\"257\" src=\"http:\/\/targettrace.cz\/wordpress\/wp-content\/uploads\/2019\/03\/AircraftOwnerService_clipart.jpg\" alt=\"\" class=\"wp-image-799\" style=\"width:152px;height:64px\" srcset=\"https:\/\/targettrace.cz\/wp-content\/uploads\/2019\/03\/AircraftOwnerService_clipart.jpg 608w, https:\/\/targettrace.cz\/wp-content\/uploads\/2019\/03\/AircraftOwnerService_clipart-300x127.jpg 300w\" sizes=\"auto, (max-width: 608px) 100vw, 608px\" \/><\/figure><\/div>\n\n\n<p>Vlastn\u00edte nebo provozujete letadlo a chcete m\u00edt kdykoliv p\u0159ehled o jeho poloze? Slu\u017eba Aircraft <strong>Target Trace<\/strong> V\u00e1m umo\u017en\u00ed sledovat polohu Va\u0161eho letadla online kdekoliv v Evrop\u011b. Nejenom, \u017ee uvid\u00edte polohu v re\u00e1ln\u00e9m \u010dase, syst\u00e9m poskytuje i informaci o rychlosti, sm\u011bru a nadmo\u0159sk\u00e9 v\u00fd\u0161ce. <\/p>\n\n\n\n<figure class=\"wp-block-image\"><img loading=\"lazy\" decoding=\"async\" width=\"1024\" height=\"269\" src=\"http:\/\/targettrace.cz\/wordpress\/wp-content\/uploads\/2019\/03\/AircraftOwnerService-1024x269.jpg\" alt=\"\" class=\"wp-image-729\" srcset=\"https:\/\/targettrace.cz\/wp-content\/uploads\/2019\/03\/AircraftOwnerService-1024x269.jpg 1024w, https:\/\/targettrace.cz\/wp-content\/uploads\/2019\/03\/AircraftOwnerService-300x79.jpg 300w, https:\/\/targettrace.cz\/wp-content\/uploads\/2019\/03\/AircraftOwnerService-768x202.jpg 768w, https:\/\/targettrace.cz\/wp-content\/uploads\/2019\/03\/AircraftOwnerService.jpg 1288w\" sizes=\"auto, (max-width: 1024px) 100vw, 1024px\" \/><\/figure>\n\n\n\n<hr class=\"wp-block-separator has-css-opacity\"\/>\n\n\n\n<p>Syst\u00e9m <strong>Target Trace<\/strong> z\u00e1rove\u0148 automaticky na z\u00e1klad\u011b pohyb\u016f Va\u0161eho letadla generuje elektronick\u00fd palubn\u00ed den\u00edk s \u010dasem vzletu, p\u0159\u00edst\u00e1n\u00ed v\u010detn\u011b identifikace leti\u0161t\u011b. <\/p>\n\n\n\n<figure class=\"wp-block-image\"><img loading=\"lazy\" decoding=\"async\" width=\"1024\" height=\"370\" src=\"https:\/\/targettrace.cz\/wp-content\/uploads\/2019\/08\/flight_list-1024x370.png\" alt=\"\" class=\"wp-image-1061\" srcset=\"https:\/\/targettrace.cz\/wp-content\/uploads\/2019\/08\/flight_list-1024x370.png 1024w, https:\/\/targettrace.cz\/wp-content\/uploads\/2019\/08\/flight_list-300x108.png 300w, https:\/\/targettrace.cz\/wp-content\/uploads\/2019\/08\/flight_list-768x277.png 768w, https:\/\/targettrace.cz\/wp-content\/uploads\/2019\/08\/flight_list-1600x578.png 1600w, https:\/\/targettrace.cz\/wp-content\/uploads\/2019\/08\/flight_list.png 1932w\" sizes=\"auto, (max-width: 1024px) 100vw, 1024px\" \/><\/figure>\n\n\n\n<hr class=\"wp-block-separator has-css-opacity\"\/>\n\n\n\n<p>Ka\u017ed\u00fd zaznamenan\u00fd let si m\u016f\u017eete st\u00e1hnout ve form\u00e1tu &#8220;.kml&#8221; a n\u00e1sledn\u011b si jej otev\u0159\u00edt nap\u0159\u00edklad v Google Earth, kter\u00fd poskytuje \u0159adu funkc\u00ed pro kvalitn\u00ed debriefing letu, jako je horizont\u00e1ln\u00ed a vertik\u00e1ln\u00ed pohled, \u010dasov\u00e1 osa, graf aktu\u00e1ln\u00ed rychlosti b\u011bhem letu a dal\u0161\u00ed.<\/p>\n\n\n\n<figure class=\"wp-block-image\"><img loading=\"lazy\" decoding=\"async\" width=\"1024\" height=\"418\" src=\"https:\/\/targettrace.cz\/wp-content\/uploads\/2019\/08\/google_earth_flight-1024x418.png\" alt=\"\" class=\"wp-image-1062\" srcset=\"https:\/\/targettrace.cz\/wp-content\/uploads\/2019\/08\/google_earth_flight-1024x418.png 1024w, https:\/\/targettrace.cz\/wp-content\/uploads\/2019\/08\/google_earth_flight-300x123.png 300w, https:\/\/targettrace.cz\/wp-content\/uploads\/2019\/08\/google_earth_flight-768x314.png 768w, https:\/\/targettrace.cz\/wp-content\/uploads\/2019\/08\/google_earth_flight.png 1454w\" sizes=\"auto, (max-width: 1024px) 100vw, 1024px\" \/><\/figure>\n\n\n\n<hr class=\"wp-block-separator has-css-opacity\"\/>\n\n\n\n<p>Cel\u00fd syst\u00e9m je\nautonomn\u00ed a nevy\u017eaduje z pozice pilota \u017e\u00e1dn\u00e9 manu\u00e1ln\u00ed z\u00e1sahy. Sta\u010d\u00ed um\u00edstit\ntracker do letadla, jednou za 80-100 letov\u00fdch hodin jej nab\u00edt a o v\u00edc se starat\nnemus\u00edte.<\/p>\n\n\n\n<p>D\u00edky technologii\nmobiln\u00ed datov\u00e9 s\u00edt\u011b uvid\u00edte sv\u00e9 letadlo jak p\u0159i poj\u00ed\u017ed\u011bn\u00ed, tak i p\u0159i letu v\nn\u00edzk\u00fdch v\u00fd\u0161k\u00e1ch nad zem\u00ed.<\/p>\n\n\n\n<hr class=\"wp-block-separator has-css-opacity\"\/>\n\n\n\n<div class=\"wp-block-media-text alignwide has-media-on-the-right\"><div class=\"wp-block-media-text__content\">\n<p style=\"font-size:32px\"><em>Nechte administrativu letu na n\u00e1s a u\u017e\u00edvejte si kr\u00e1sy l\u00e9t\u00e1n\u00ed pln\u00fdmi dou\u0161ky!<\/em><\/p>\n<\/div><figure class=\"wp-block-media-text__media\"><img loading=\"lazy\" decoding=\"async\" width=\"1024\" height=\"768\" src=\"https:\/\/targettrace.cz\/wp-content\/uploads\/2019\/04\/Alpy-1024x768.jpg\" alt=\"\" class=\"wp-image-936 size-full\" srcset=\"https:\/\/targettrace.cz\/wp-content\/uploads\/2019\/04\/Alpy.jpg 1024w, https:\/\/targettrace.cz\/wp-content\/uploads\/2019\/04\/Alpy-300x225.jpg 300w, https:\/\/targettrace.cz\/wp-content\/uploads\/2019\/04\/Alpy-768x576.jpg 768w\" sizes=\"auto, (max-width: 1024px) 100vw, 1024px\" \/><\/figure><\/div>\n\n\n\n<hr class=\"wp-block-separator has-css-opacity\"\/>\n\n\n\n<h4 class=\"wp-block-heading\">Cen\u00edk<\/h4>\n\n\n\n<figure class=\"wp-block-table\"><table><tbody><tr><td>Startovac\u00ed bal\u00ed\u010dek (tracker, za\u0161kolen\u00ed do pou\u017e\u00edv\u00e1n\u00ed syst\u00e9mu, prvn\u00ed m\u011bs\u00edc slu\u017eby Aircraft <strong>Target Trace<\/strong>)<\/td><td>6.990,- K\u010d<\/td><\/tr><tr><td>Aircraft <strong>Target Trace<\/strong>\/tracker\/m\u011bs\u00edc<\/td><td>549,- K\u010d<\/td><\/tr><\/tbody><\/table><\/figure>\n","protected":false},"excerpt":{"rendered":"<p>Vlastn\u00edte nebo provozujete letadlo a chcete m\u00edt kdykoliv p\u0159ehled o jeho poloze? Slu\u017eba Aircraft Target Trace V\u00e1m umo\u017en\u00ed sledovat polohu&hellip;<\/p>\n","protected":false},"author":1,"featured_media":0,"parent":0,"menu_order":0,"comment_status":"closed","ping_status":"closed","template":"","meta":{"footnotes":""},"class_list":["post-1429","page","type-page","status-publish","hentry"],"_links":{"self":[{"href":"https:\/\/targettrace.cz\/index.php\/wp-json\/wp\/v2\/pages\/1429","targetHints":{"allow":["GET"]}}],"collection":[{"href":"https:\/\/targettrace.cz\/index.php\/wp-json\/wp\/v2\/pages"}],"about":[{"href":"https:\/\/targettrace.cz\/index.php\/wp-json\/wp\/v2\/types\/page"}],"author":[{"embeddable":true,"href":"https:\/\/targettrace.cz\/index.php\/wp-json\/wp\/v2\/users\/1"}],"replies":[{"embeddable":true,"href":"https:\/\/targettrace.cz\/index.php\/wp-json\/wp\/v2\/comments?post=1429"}],"version-history":[{"count":3,"href":"https:\/\/targettrace.cz\/index.php\/wp-json\/wp\/v2\/pages\/1429\/revisions"}],"predecessor-version":[{"id":1965,"href":"https:\/\/targettrace.cz\/index.php\/wp-json\/wp\/v2\/pages\/1429\/revisions\/1965"}],"wp:attachment":[{"href":"https:\/\/targettrace.cz\/index.php\/wp-json\/wp\/v2\/media?parent=1429"}],"curies":[{"name":"wp","href":"https:\/\/api.w.org\/{rel}","templated":true}]}}