{"id":1410,"date":"2021-08-23T12:06:03","date_gmt":"2021-08-23T12:06:03","guid":{"rendered":"https:\/\/targettrace.cz\/?page_id=1410"},"modified":"2022-02-06T21:43:07","modified_gmt":"2022-02-06T21:43:07","slug":"kontakty-cestina","status":"publish","type":"page","link":"https:\/\/targettrace.cz\/index.php\/cs\/kontakty-cestina\/","title":{"rendered":"Kontakty"},"content":{"rendered":"\n<p><strong>Target Trace, spol. s r. o.<\/strong><br><\/p>\n\n\n\n<p>Pra\u017esk\u00e1 237, 259 01 Votice<br>Czech Republic<br>Europe<\/p>\n\n\n\n<p>I\u010cO: 14117681<br>DI\u010c: CZ14117681<\/p>\n\n\n\n<p>E-mail: <a href=\"mailto:info@targettrace.cz\">info@targettrace.cz<\/a><br>Tel.: +420 737 279 351<\/p>\n\n\n\n<p>Facebook: <a href=\"https:\/\/www.facebook.com\/targettrace.cz\/\">https:\/\/www.facebook.com\/targettrace.cz\/<\/a><\/p>\n","protected":false},"excerpt":{"rendered":"<p>Target Trace, spol. s r. o. Pra\u017esk\u00e1 237, 259 01 VoticeCzech RepublicEurope I\u010cO: 14117681DI\u010c: CZ14117681 E-mail: info@targettrace.czTel.: +420 737 279&hellip;<\/p>\n","protected":false},"author":1,"featured_media":0,"parent":0,"menu_order":0,"comment_status":"closed","ping_status":"closed","template":"","meta":{"footnotes":""},"class_list":["post-1410","page","type-page","status-publish","hentry"],"_links":{"self":[{"href":"https:\/\/targettrace.cz\/index.php\/wp-json\/wp\/v2\/pages\/1410","targetHints":{"allow":["GET"]}}],"collection":[{"href":"https:\/\/targettrace.cz\/index.php\/wp-json\/wp\/v2\/pages"}],"about":[{"href":"https:\/\/targettrace.cz\/index.php\/wp-json\/wp\/v2\/types\/page"}],"author":[{"embeddable":true,"href":"https:\/\/targettrace.cz\/index.php\/wp-json\/wp\/v2\/users\/1"}],"replies":[{"embeddable":true,"href":"https:\/\/targettrace.cz\/index.php\/wp-json\/wp\/v2\/comments?post=1410"}],"version-history":[{"count":4,"href":"https:\/\/targettrace.cz\/index.php\/wp-json\/wp\/v2\/pages\/1410\/revisions"}],"predecessor-version":[{"id":1649,"href":"https:\/\/targettrace.cz\/index.php\/wp-json\/wp\/v2\/pages\/1410\/revisions\/1649"}],"wp:attachment":[{"href":"https:\/\/targettrace.cz\/index.php\/wp-json\/wp\/v2\/media?parent=1410"}],"curies":[{"name":"wp","href":"https:\/\/api.w.org\/{rel}","templated":true}]}}