{"id":1375,"date":"2021-08-04T19:23:06","date_gmt":"2021-08-04T19:23:06","guid":{"rendered":"https:\/\/targettrace.cz\/index.php\/home-cestina\/"},"modified":"2022-06-19T06:44:22","modified_gmt":"2022-06-19T06:44:22","slug":"home-cestina","status":"publish","type":"page","link":"https:\/\/targettrace.cz\/index.php\/cs\/","title":{"rendered":"Home_cs_CZ"},"content":{"rendered":"\n<style>\n\/* Header strip size and font *\/\n@media screen and (min-width: 881px) {\n  .hero {\n    font-size: 100%;\n  }\n  .page .site-header {\n    padding: 200px 0 10px 0;\n  }\n  .hero .widget {\n    max-width: 100%;\n  }\n}\n<\/style>\n\n\n\n<h3 class=\"wp-block-heading\"><strong>Sledovac\u00ed syst\u00e9m pro v\u0161eobecn\u00e9 letectv\u00ed<\/strong><\/h3>\n\n\n\n<h4 class=\"wp-block-heading\"><strong>Za\u010d\u00edt je jednoduch\u00e9 &#8230;<\/strong><\/h4>\n\n\n\n<figure class=\"wp-block-image\"><img loading=\"lazy\" decoding=\"async\" width=\"1024\" height=\"326\" src=\"https:\/\/targettrace.cz\/wp-content\/uploads\/2019\/08\/Schema-1024x326.png\" alt=\"\" class=\"wp-image-1059\" srcset=\"https:\/\/targettrace.cz\/wp-content\/uploads\/2019\/08\/Schema-1024x326.png 1024w, https:\/\/targettrace.cz\/wp-content\/uploads\/2019\/08\/Schema-300x96.png 300w, https:\/\/targettrace.cz\/wp-content\/uploads\/2019\/08\/Schema-768x245.png 768w, https:\/\/targettrace.cz\/wp-content\/uploads\/2019\/08\/Schema-1600x510.png 1600w\" sizes=\"auto, (max-width: 1024px) 100vw, 1024px\" \/><\/figure>\n\n\n\n<p class=\"has-medium-font-size\">Sta\u010d\u00ed um\u00edstit do letounu nez\u00e1visl\u00fd polohov\u00fd senzor a m\u016f\u017eete za\u010d\u00edt pln\u011b vyu\u017e\u00edvat v\u0161ech slu\u017eeb port\u00e1lu.<\/p>\n\n\n\n<h3 class=\"wp-block-heading\"><strong>Slu\u017eby<\/strong><\/h3>\n\n\n\n<p class=\"has-medium-font-size\">Nab\u00edz\u00edme n\u00e1sleduj\u00edc\u00ed varianty slu\u017eeb <\/p>\n\n\n\n<div class=\"wp-block-columns is-layout-flex wp-container-core-columns-is-layout-9d6595d7 wp-block-columns-is-layout-flex\">\n<div class=\"wp-block-column is-layout-flow wp-block-column-is-layout-flow\">\n<p class=\"has-medium-font-size\"><a href=\"https:\/\/targettrace.cz\/index.php\/cs\/target-trace-pro-letadlo\/\" data-type=\"page\" data-id=\"1429\">Aircraft <strong>Target Trace<\/strong><\/a><\/p>\n\n\n\n<figure class=\"wp-block-image size-full\"><a href=\"https:\/\/targettrace.cz\/index.php\/cs\/target-trace-pro-letadlo\/\"><img loading=\"lazy\" decoding=\"async\" width=\"608\" height=\"257\" src=\"https:\/\/targettrace.cz\/wp-content\/uploads\/2019\/03\/AircraftOwnerService_clipart.jpg\" alt=\"\" class=\"wp-image-799\" srcset=\"https:\/\/targettrace.cz\/wp-content\/uploads\/2019\/03\/AircraftOwnerService_clipart.jpg 608w, https:\/\/targettrace.cz\/wp-content\/uploads\/2019\/03\/AircraftOwnerService_clipart-300x127.jpg 300w\" sizes=\"auto, (max-width: 608px) 100vw, 608px\" \/><\/a><\/figure>\n<\/div>\n\n\n\n<div class=\"wp-block-column is-layout-flow wp-block-column-is-layout-flow\">\n<p class=\"has-medium-font-size\"><a href=\"https:\/\/targettrace.cz\/index.php\/cs\/aircraft-operator-target-trace\/\" data-type=\"page\" data-id=\"1434\">Aircraft Operator <strong>Target Trace<\/strong><\/a><\/p>\n\n\n\n<figure class=\"wp-block-image size-large\"><a href=\"https:\/\/targettrace.cz\/index.php\/cs\/aircraft-operator-target-trace\/\"><img loading=\"lazy\" decoding=\"async\" width=\"1024\" height=\"314\" src=\"https:\/\/targettrace.cz\/wp-content\/uploads\/2019\/03\/AircraftOperatorService_clipart-1024x314.jpg\" alt=\"\" class=\"wp-image-800\" srcset=\"https:\/\/targettrace.cz\/wp-content\/uploads\/2019\/03\/AircraftOperatorService_clipart-1024x314.jpg 1024w, https:\/\/targettrace.cz\/wp-content\/uploads\/2019\/03\/AircraftOperatorService_clipart-300x92.jpg 300w, https:\/\/targettrace.cz\/wp-content\/uploads\/2019\/03\/AircraftOperatorService_clipart-768x236.jpg 768w, https:\/\/targettrace.cz\/wp-content\/uploads\/2019\/03\/AircraftOperatorService_clipart.jpg 1309w\" sizes=\"auto, (max-width: 1024px) 100vw, 1024px\" \/><\/a><\/figure>\n<\/div>\n<\/div>\n\n\n\n<hr class=\"wp-block-separator\"\/>\n\n\n\n<div class=\"wp-block-media-text alignwide\"><figure class=\"wp-block-media-text__media\"><img loading=\"lazy\" decoding=\"async\" width=\"1024\" height=\"683\" src=\"https:\/\/targettrace.cz\/wp-content\/uploads\/2019\/08\/pilot_web-1024x683.jpg\" alt=\"\" class=\"wp-image-1057 size-full\" srcset=\"https:\/\/targettrace.cz\/wp-content\/uploads\/2019\/08\/pilot_web-1024x683.jpg 1024w, https:\/\/targettrace.cz\/wp-content\/uploads\/2019\/08\/pilot_web-300x200.jpg 300w, https:\/\/targettrace.cz\/wp-content\/uploads\/2019\/08\/pilot_web-768x512.jpg 768w, https:\/\/targettrace.cz\/wp-content\/uploads\/2019\/08\/pilot_web-1600x1067.jpg 1600w, https:\/\/targettrace.cz\/wp-content\/uploads\/2019\/08\/pilot_web.jpg 2016w\" sizes=\"auto, (max-width: 1024px) 100vw, 1024px\" \/><\/figure><div class=\"wp-block-media-text__content\">\n<p class=\"has-text-align-right has-large-font-size\"><em>Jsi p\u0159ipraven s n\u00e1mi vzl\u00e9tnout?<\/em><\/p>\n<\/div><\/div>\n\n\n\n<hr class=\"wp-block-separator\"\/>\n\n\n\n<p class=\"has-text-align-right has-medium-font-size\"><strong>Target Trace<\/strong> nen\u00ed pouze pro letadla. Chcete m\u00edt p\u0159ehled tak\u00e9 o Va\u0161ich soukrom\u00fdch \u010di firemn\u00edch vozidlech,  p\u0159\u00edv\u011bsn\u00fdch voz\u00edc\u00edch, \u010di jin\u00e9m pohybliv\u00e9m za\u0159\u00edzen\u00ed? <br><\/p>\n\n\n\n<hr class=\"wp-block-separator\"\/>\n\n\n\n<figure class=\"wp-block-image\"><img loading=\"lazy\" decoding=\"async\" width=\"1024\" height=\"575\" src=\"https:\/\/targettrace.cz\/wp-content\/uploads\/2019\/08\/runway_web-1024x575.jpg\" alt=\"\" class=\"wp-image-1055\" srcset=\"https:\/\/targettrace.cz\/wp-content\/uploads\/2019\/08\/runway_web-1024x575.jpg 1024w, https:\/\/targettrace.cz\/wp-content\/uploads\/2019\/08\/runway_web-300x169.jpg 300w, https:\/\/targettrace.cz\/wp-content\/uploads\/2019\/08\/runway_web-768x431.jpg 768w, https:\/\/targettrace.cz\/wp-content\/uploads\/2019\/08\/runway_web.jpg 1554w\" sizes=\"auto, (max-width: 1024px) 100vw, 1024px\" \/><\/figure>\n\n\n\n<div class=\"wp-block-button aligncenter is-style-fill\"><a class=\"wp-block-button__link\" href=\"https:\/\/www.facebook.com\/targettrace.cz\/\" style=\"border-radius:9px\" target=\"_blank\" rel=\"noreferrer noopener\"><strong>Find us on Facebook<\/strong><\/a><\/div>\n","protected":false},"excerpt":{"rendered":"<p>Sledovac\u00ed syst\u00e9m pro v\u0161eobecn\u00e9 letectv\u00ed Za\u010d\u00edt je jednoduch\u00e9 &#8230; Sta\u010d\u00ed um\u00edstit do letounu nez\u00e1visl\u00fd polohov\u00fd senzor a m\u016f\u017eete za\u010d\u00edt pln\u011b&hellip;<\/p>\n","protected":false},"author":1,"featured_media":0,"parent":0,"menu_order":0,"comment_status":"closed","ping_status":"closed","template":"","meta":{"footnotes":""},"class_list":["post-1375","page","type-page","status-publish","hentry"],"_links":{"self":[{"href":"https:\/\/targettrace.cz\/index.php\/wp-json\/wp\/v2\/pages\/1375","targetHints":{"allow":["GET"]}}],"collection":[{"href":"https:\/\/targettrace.cz\/index.php\/wp-json\/wp\/v2\/pages"}],"about":[{"href":"https:\/\/targettrace.cz\/index.php\/wp-json\/wp\/v2\/types\/page"}],"author":[{"embeddable":true,"href":"https:\/\/targettrace.cz\/index.php\/wp-json\/wp\/v2\/users\/1"}],"replies":[{"embeddable":true,"href":"https:\/\/targettrace.cz\/index.php\/wp-json\/wp\/v2\/comments?post=1375"}],"version-history":[{"count":8,"href":"https:\/\/targettrace.cz\/index.php\/wp-json\/wp\/v2\/pages\/1375\/revisions"}],"predecessor-version":[{"id":1673,"href":"https:\/\/targettrace.cz\/index.php\/wp-json\/wp\/v2\/pages\/1375\/revisions\/1673"}],"wp:attachment":[{"href":"https:\/\/targettrace.cz\/index.php\/wp-json\/wp\/v2\/media?parent=1375"}],"curies":[{"name":"wp","href":"https:\/\/api.w.org\/{rel}","templated":true}]}}